{"id":81,"date":"2024-02-13T06:38:40","date_gmt":"2024-02-13T06:38:40","guid":{"rendered":"https:\/\/triascargoexpress.com\/?page_id=81"},"modified":"2024-02-27T00:09:46","modified_gmt":"2024-02-27T00:09:46","slug":"expedite-logistics","status":"publish","type":"page","link":"https:\/\/triascargoexpress.com\/es\/services\/expedite-logistics","title":{"rendered":"Log\u00edstica R\u00e1pida"},"content":{"rendered":"<div class=\"wp-block-cover animated fadeIn is-layout-constrained wp-block-cover-is-layout-constrained\" style=\"min-height:500px;aspect-ratio:unset;\"><span aria-hidden=\"true\" class=\"wp-block-cover__background has-black-background-color has-background-dim-40 has-background-dim\"><\/span><img data-recalc-dims=\"1\" loading=\"lazy\" decoding=\"async\" width=\"918\" height=\"612\" class=\"wp-block-cover__image-background wp-image-419\" alt=\"Expedite Logistics TriasCargo Express\" src=\"https:\/\/i0.wp.com\/triascargoexpress.com\/wp-content\/uploads\/2024\/02\/istockphoto-1292256043-612x612-1-1.png?resize=918%2C612&#038;ssl=1\" style=\"object-position:43% 74%\" data-object-fit=\"cover\" data-object-position=\"43% 74%\" srcset=\"https:\/\/i0.wp.com\/triascargoexpress.com\/wp-content\/uploads\/2024\/02\/istockphoto-1292256043-612x612-1-1.png?w=918&amp;ssl=1 918w, https:\/\/i0.wp.com\/triascargoexpress.com\/wp-content\/uploads\/2024\/02\/istockphoto-1292256043-612x612-1-1.png?resize=300%2C200&amp;ssl=1 300w, https:\/\/i0.wp.com\/triascargoexpress.com\/wp-content\/uploads\/2024\/02\/istockphoto-1292256043-612x612-1-1.png?resize=768%2C512&amp;ssl=1 768w\" sizes=\"auto, (max-width: 918px) 100vw, 918px\" \/><div class=\"wp-block-cover__inner-container\"><\/div><\/div>\n\n\n\n<div class=\"wp-block-stackable-columns stk-block-columns stk-block stk-ef60402 stk-block-background animated fadeIn\" data-block-id=\"ef60402\"><style>.stk-ef60402{background-color:#ffffff !important;margin-top:30px !important}.stk-ef60402:before{background-color:#ffffff !important}.stk-ef60402-column{max-width:1320px !important}<\/style><div class=\"stk-row stk-inner-blocks stk-block-content stk-content-align stk-ef60402-column\">\n<div class=\"wp-block-stackable-column stk-block-column stk-column stk-block stk-3a44828\" data-v=\"4\" data-block-id=\"3a44828\"><div class=\"stk-column-wrapper stk-block-column__content stk-container stk-3a44828-container stk--no-background stk--no-padding\"><div class=\"stk-block-content stk-inner-blocks stk-3a44828-inner-blocks\">\n<div class=\"wp-block-stackable-heading stk-block-heading stk-block-heading--v2 stk-block stk-7c3a17f\" id=\"boxtruck-load-shipping\" data-block-id=\"7c3a17f\"><style>.stk-7c3a17f{margin-bottom:0px !important}<\/style><h1 class=\"stk-block-heading__text\">CARGA\/ENV\u00cdO EN CAMI\u00d3N<\/h1><\/div>\n\n\n\n<div class=\"wp-block-stackable-text stk-block-text stk-block stk-1d621f5\" data-block-id=\"1d621f5\"><style>.stk-1d621f5 .stk-block-text__text{color:#000000 !important}<\/style><p class=\"stk-block-text__text has-text-color\">M\u00e1s capacidad, servicio excepcional.<\/p><\/div>\n\n\n\n<div class=\"wp-block-stackable-text stk-block-text stk-block stk-ec89664\" data-block-id=\"ec89664\"><style>.stk-ec89664 .stk-block-text__text{color:#000000 !important}<\/style><p class=\"stk-block-text__text has-text-color\">Conf\u00eda en TriasCargo Express tus soluciones de carga completa. Ya sea que sea una peque\u00f1a empresa o una corporaci\u00f3n multinacional, acceda a una capacidad confiable de carga total de camiones en cualquier lugar. Aproveche nuestra red de miles de transportistas (operadores propietarios, flotas nacionales y todo lo dem\u00e1s) para acceder al equipo que necesita. Las furgonetas de carga y velocistas, las rectas grandes y peque\u00f1as, las refrigeradas\/con temperatura controlada, las de plataforma abierta\/plana, las RGN, las de plataforma con escalones, las de transporte pesado y sobredimensionado y otras capacidades especializadas est\u00e1n listas para mover su carga.<\/p><\/div>\n\n\n\n<div class=\"wp-block-stackable-heading stk-block-heading stk-block-heading--v2 stk-block stk-afd0e47\" id=\"what-is-truckload-shipping\" data-block-id=\"afd0e47\"><h2 class=\"stk-block-heading__text\">\u00bfQu\u00e9 es el env\u00edo de camiones?<\/h2><\/div>\n\n\n\n<p class=\"has-black-color has-text-color has-link-color wp-elements-ac6ae37216d9f46d7011a69f5c9cc3b2\">El env\u00edo de carga completa, o FTL (carga completa de cami\u00f3n), es un tipo de gesti\u00f3n de la cadena de suministro en la cual los bienes se entregan directamente a su destino. Esto elimina la necesidad de paradas intermedias y ayuda a garantizar que los tiempos de entrega sean m\u00e1s cortos y predecibles. El env\u00edo de carga completa generalmente se refiere a env\u00edos de carga que requieren un solo cami\u00f3n para toda la carga. Esto contrasta con el env\u00edo LTL (menos que carga completa), que requiere m\u00faltiples camiones para cargas m\u00e1s peque\u00f1as. Con el env\u00edo de carga completa, puedes obtener tarifas competitivas en env\u00edos m\u00e1s grandes y servicios especializados adaptados a tus necesidades.<\/p>\n\n\n\n<p class=\"has-black-color has-text-color has-link-color wp-elements-158c8230aa47d1325091be95b5c0ece6\">El env\u00edo de carga completa es una forma eficaz de gestionar tu cadena de suministro de manera eficiente y rentable. Al solicitar una cotizaci\u00f3n de carga, podr\u00e1s estimar con precisi\u00f3n el costo total de transportar tu carga y garantizar que llegue a tiempo. Ya sea que necesites enviar un gran pedido de muebles o una pieza de maquinaria de gran tama\u00f1o, el env\u00edo de carga completa es una forma eficiente de llevar tus productos a su destino de manera segura y r\u00e1pida.<\/p>\n\n\n\n<div class=\"wp-block-stackable-heading stk-block-heading stk-block-heading--v2 stk-block stk-6929518\" id=\"what-is-the-difference-between-the-ftl-and-ltl\" data-block-id=\"6929518\"><h2 class=\"stk-block-heading__text\">\u00bfCu\u00e1l es la diferencia entre FTL y LTL?<\/h2><\/div>\n\n\n\n<p class=\"has-black-color has-text-color has-link-color wp-elements-7a71d278dae66a7fad1d30a71dfc25a6\">FTL significa carga completa de cami\u00f3n, mientras que LTL significa carga menor a la de un cami\u00f3n. La principal diferencia entre los dos es la cantidad de carga que se env\u00eda. Los env\u00edos FTL son cargas m\u00e1s grandes que requieren un cami\u00f3n y un remolque completos, mientras que los env\u00edos LTL son cargas m\u00e1s peque\u00f1as que pueden caber en uno o varios pal\u00e9s.<\/p>\n\n\n\n<p class=\"has-black-color has-text-color has-link-color wp-elements-abd089a55e6657bc59fe89a18cea6ee1\">Adem\u00e1s del tama\u00f1o de la carga, el tiempo de entrega es otro factor clave para determinar qu\u00e9 tipo de env\u00edo es mejor para una cadena de suministro en particular. Los env\u00edos de carga completa generalmente requieren menos tiempo para ser entregados que los env\u00edos de carga menor a la capacidad de un cami\u00f3n, ya que la carga no necesita ser clasificada o consolidada con otras mercanc\u00edas. Por lo tanto, los env\u00edos de carga completa tienden a tener tarifas m\u00e1s competitivas y pueden requerir menos paradas en el camino, ahorrando tiempo y dinero.<\/p>\n\n\n\n<div class=\"wp-block-stackable-heading stk-block-heading stk-block-heading--v2 stk-block stk-38ddfe4\" id=\"expedite-logistics-accelerating-your-supply-chain-success\" data-block-id=\"38ddfe4\"><h2 class=\"stk-block-heading__text\">Acelerar la Log\u00edstica - Acelerar el \u00c9xito de su Cadena de Suministro<\/h2><\/div>\n\n\n\n<div class=\"wp-block-stackable-text stk-block-text stk-block stk-4527b8b\" data-block-id=\"4527b8b\"><style>.stk-4527b8b .stk-block-text__text{color:#000000 !important}<\/style><p class=\"stk-block-text__text has-text-color\">Bienvenido a Expedite Logistics, donde la excelencia se une a la eficiencia en el mundo de las soluciones log\u00edsticas. Somos su socio de confianza para acelerar su cadena de suministro, garantizando el transporte oportuno y sin problemas de sus productos.<\/p><\/div>\n\n\n\n<div class=\"wp-block-stackable-heading stk-block-heading stk-block-heading--v2 stk-block stk-11ddeed\" id=\"our-commitment-to-speed-and-reliability\" data-block-id=\"11ddeed\"><h2 class=\"stk-block-heading__text\">Nuestro compromiso con la velocidad y la confiabilidad<\/h2><\/div>\n\n\n\n<div class=\"wp-block-stackable-text stk-block-text stk-block stk-feed2ad\" data-block-id=\"feed2ad\"><style>.stk-feed2ad .stk-block-text__text{color:#000000 !important}<\/style><p class=\"stk-block-text__text has-text-color\">En Expedite Logistics, entendemos la importancia cr\u00edtica del tiempo en la industria de la log\u00edstica. Es por eso que nuestro equipo dedicado se compromete a brindar servicios r\u00e1pidos y personalizados para satisfacer sus necesidades \u00fanicas. Desde transporte r\u00e1pido hasta soluciones de almacenamiento eficientes, estamos aqu\u00ed para optimizar su cadena de suministro y mejorar su eficiencia operativa general.<\/p><\/div>\n\n\n\n<div class=\"wp-block-stackable-heading stk-block-heading stk-block-heading--v2 stk-block stk-b32e910\" id=\"what-are-the-benefits-of-truckload-shipping\" data-block-id=\"b32e910\"><h2 class=\"stk-block-heading__text\">\u00bfCu\u00e1les son los beneficios del env\u00edo de camiones?<\/h2><\/div>\n\n\n\n<div class=\"wp-block-stackable-text stk-block-text stk-block stk-35f3c38\" data-block-id=\"35f3c38\"><style>.stk-35f3c38 .stk-block-text__text{color:#000000 !important}<\/style><p class=\"stk-block-text__text has-text-color\">El transporte por cami\u00f3n tiene muchas ventajas a la hora de transportar mercanc\u00edas. B\u00e1sicamente, la carga completa (TL) es una soluci\u00f3n rentable en comparaci\u00f3n con la carga parcial (LTL). Con los env\u00edos TL, usted tiene todo el cami\u00f3n dedicado a su carga, lo que significa menos paradas y mayor confiabilidad. Esto tambi\u00e9n garantiza un tiempo de entrega m\u00e1s r\u00e1pido que LTL, lo que le permite llevar sus productos a su destino r\u00e1pidamente.<\/p><\/div>\n\n\n\n<div class=\"wp-block-stackable-text stk-block-text stk-block stk-77bfbce\" data-block-id=\"77bfbce\"><style>.stk-77bfbce .stk-block-text__text{color:#000000 !important}<\/style><p class=\"stk-block-text__text has-text-color\">Adem\u00e1s, los env\u00edos TL son beneficiosos para la gesti\u00f3n de la cadena de suministro, ya que puede coordinar con un transportista todo el env\u00edo. Eso significa una mejor coordinaci\u00f3n con menos intermediarios y un proceso simplificado para todas las partes involucradas.<\/p><\/div>\n\n\n\n<div class=\"wp-block-stackable-heading stk-block-heading stk-block-heading--v2 stk-block stk-961ce25\" id=\"why-choose-expedite-logistics\" data-block-id=\"961ce25\"><h2 class=\"stk-block-heading__text\">\u00bfPor qu\u00e9 elegir Log\u00edstica Acelerada?<\/h2><\/div>\n\n\n\n<div class=\"wp-block-stackable-icon-list stk-block-icon-list stk-block stk-ae7c0d4 stk-block-background\" data-block-id=\"ae7c0d4\"><style>.stk-ae7c0d4{margin-bottom:28px !important;--stk-icon-list-row-gap:18px !important;--stk-icon-list-marker-color:#3c64ad !important}.stk-ae7c0d4 .stk-block-icon-list-item__content{align-items:flex-start !important}<\/style><svg style=\"display:none\"><defs><g id=\"stk-icon-list__icon-svg-def-ae7c0d4\"><svg xmlns=\"http:\/\/www.w3.org\/2000\/svg\" viewbox=\"0 0 190 190\"><polygon points=\"173.8,28.4 60.4,141.8 15.7,97.2 5.1,107.8 60.4,163 184.4,39 173.8,28.4\"\/><\/svg><\/g><\/defs><\/svg><ul class=\"stk-block-icon-list__ul stk-block-icon-list--column\">\n<li class=\"wp-block-stackable-icon-list-item stk-block-icon-list-item stk-block stk-5ad467d\" data-block-id=\"5ad467d\"><div class=\"stk-block-icon-list-item__content\"><span class=\"stk--svg-wrapper\"><div class=\"stk--inner-svg\"><svg aria-hidden=\"true\" width=\"32\" height=\"32\"><use xlink:href=\"#stk-icon-list__icon-svg-def-ae7c0d4\"><\/use><\/svg><\/div><\/span><span class=\"stk-block-icon-list-item__text\"><em>Transporte \u00c1gil y Seguro:<\/em> Nos especializamos en servicios de transporte r\u00e1pidos y seguros, asegurando que sus mercanc\u00edas lleguen a su destino con rapidez y precisi\u00f3n.<\/span><\/div><\/li>\n\n\n\n<li class=\"wp-block-stackable-icon-list-item stk-block-icon-list-item stk-block stk-f39b9b3\" data-block-id=\"f39b9b3\"><div class=\"stk-block-icon-list-item__content\"><span class=\"stk--svg-wrapper\"><div class=\"stk--inner-svg\"><svg aria-hidden=\"true\" width=\"32\" height=\"32\"><use xlink:href=\"#stk-icon-list__icon-svg-def-ae7c0d4\"><\/use><\/svg><\/div><\/span><span class=\"stk-block-icon-list-item__text\"><em>Soluciones Personalizadas:<\/em> Nuestro equipo trabaja estrechamente con usted para comprender sus requisitos log\u00edsticos espec\u00edficos y crear soluciones personalizadas que se alineen con sus objetivos comerciales.<\/span><\/div><\/li>\n\n\n\n<li class=\"wp-block-stackable-icon-list-item stk-block-icon-list-item stk-block stk-75698a7\" data-block-id=\"75698a7\"><div class=\"stk-block-icon-list-item__content\"><span class=\"stk--svg-wrapper\"><div class=\"stk--inner-svg\"><svg aria-hidden=\"true\" width=\"32\" height=\"32\"><use xlink:href=\"#stk-icon-list__icon-svg-def-ae7c0d4\"><\/use><\/svg><\/div><\/span><span class=\"stk-block-icon-list-item__text\"><em>Asociaciones Confiables:<\/em> Construir asociaciones s\u00f3lidas y confiables es el n\u00facleo de nuestra filosof\u00eda. Nos esforzamos por ser m\u00e1s que un simple proveedor de log\u00edstica; Nuestro objetivo es ser una extensi\u00f3n de su \u00e9xito.<\/span><\/div><\/li>\n<\/ul><\/div>\n\n\n\n<div class=\"wp-block-stackable-button-group stk-block-button-group stk-block stk-ef8283b\" data-block-id=\"ef8283b\"><div class=\"stk-row stk-inner-blocks stk-block-content stk-button-group\">\n<div class=\"wp-block-stackable-button stk-block-button stk-block stk-7b6298b\" data-block-id=\"7b6298b\"><style>.stk-7b6298b .stk-button{background:#3c64ad !important}<\/style><a class=\"stk-link stk-button stk--hover-effect-darken\" href=\"https:\/\/triascargoexpress.com\/es\/contact\/\"><span class=\"stk-button__inner-text\">Contacto<\/span><\/a><\/div>\n<\/div><\/div>\n<\/div><\/div><\/div>\n<\/div><\/div>","protected":false},"excerpt":{"rendered":"<p>BOXTRUCK LOAD\/SHIPPING More capacity, exceptional service. Trust TriasCargo Express with your full truckload solutions. Whether you\u2019re a small business or a multinational corporation, access reliable full truckload capacity anywhere. Leverage our network of thousands of carriers \u2014 owner-operators, nationwide fleets and everything in between \u2014 to access the equipment you need. Cargo and sprinter vans, large and small straights, refrigerated\/temperature-controlled, open-deck\/flatbed, RGN, step-deck, over-dimensional and heavy-haul, and other specialized capabilities are ready to move your freight. What is truckload shipping? Truckload shipping, or FTL (full truckload) shipping, is a type of supply chain management in which goods are delivered directly&#8230; <\/p>","protected":false},"author":1,"featured_media":0,"parent":2,"menu_order":0,"comment_status":"closed","ping_status":"closed","template":"","meta":{"_joinchat":[],"footnotes":""},"class_list":["post-81","page","type-page","status-publish","hentry"],"featured_image_urls":{"full":"","thumbnail":"","medium":"","medium_large":"","large":"","1536x1536":"","2048x2048":"","trp-custom-language-flag":"","homepage-thumb":""},"post_excerpt_stackable":"<p>BOXTRUCK LOAD\/SHIPPING More capacity, exceptional service. Trust TriasCargo Express with your full truckload solutions. Whether you\u2019re a small business or a multinational corporation, access reliable full truckload capacity anywhere. Leverage our network of thousands of carriers \u2014 owner-operators, nationwide fleets and everything in between \u2014 to access the equipment you need. Cargo and sprinter vans, large and small straights, refrigerated\/temperature-controlled, open-deck\/flatbed, RGN, step-deck, over-dimensional and heavy-haul, and other specialized capabilities are ready to move your freight. What is truckload shipping? Truckload shipping, or FTL (full truckload) shipping, is a type of supply chain management in which goods are delivered directly&hellip;<\/p>\n","category_list":"","author_info":{"name":"Triasc_Admin","url":"https:\/\/triascargoexpress.com\/es\/author\/triasc_admin"},"comments_num":"0 comentarios","yoast_head":"<!-- This site is optimized with the Yoast SEO plugin v22.1 - https:\/\/yoast.com\/wordpress\/plugins\/seo\/ -->\n<title>Expedite Logistics - Triascargo Express Llc<\/title>\n<meta name=\"description\" content=\"Unlock unparalleled speed in logistics with Expedite Logistics. Our dedicated team is committed to accelerating your supply chain.\" \/>\n<meta name=\"robots\" content=\"index, follow, max-snippet:-1, max-image-preview:large, max-video-preview:-1\" \/>\n<link rel=\"canonical\" href=\"https:\/\/triascargoexpress.com\/es\/services\/expedite-logistics\/\" \/>\n<meta property=\"og:locale\" content=\"es_ES\" \/>\n<meta property=\"og:type\" content=\"article\" \/>\n<meta property=\"og:title\" content=\"Expedite Logistics - Triascargo Express Llc\" \/>\n<meta property=\"og:description\" content=\"Unlock unparalleled speed in logistics with Expedite Logistics. Our dedicated team is committed to accelerating your supply chain.\" \/>\n<meta property=\"og:url\" content=\"https:\/\/triascargoexpress.com\/es\/services\/expedite-logistics\/\" \/>\n<meta property=\"og:site_name\" content=\"Triascargo Express Llc\" \/>\n<meta property=\"article:publisher\" content=\"https:\/\/www.facebook.com\/profile.php?id=100094394919395&amp;mibextid=ZbWKwL\" \/>\n<meta property=\"article:modified_time\" content=\"2024-02-27T00:09:46+00:00\" \/>\n<meta property=\"og:image\" content=\"https:\/\/triascargoexpress.com\/wp-content\/uploads\/2024\/02\/istockphoto-1292256043-612x612-1-1.png\" \/>\n<meta name=\"twitter:card\" content=\"summary_large_image\" \/>\n<meta name=\"twitter:label1\" content=\"Tiempo de lectura\" \/>\n\t<meta name=\"twitter:data1\" content=\"4 minutos\" \/>\n<script type=\"application\/ld+json\" class=\"yoast-schema-graph\">{\"@context\":\"https:\/\/schema.org\",\"@graph\":[{\"@type\":\"WebPage\",\"@id\":\"https:\/\/triascargoexpress.com\/services\/expedite-logistics\",\"url\":\"https:\/\/triascargoexpress.com\/services\/expedite-logistics\",\"name\":\"Expedite Logistics - Triascargo Express Llc\",\"isPartOf\":{\"@id\":\"https:\/\/triascargoexpress.com\/#website\"},\"datePublished\":\"2024-02-13T06:38:40+00:00\",\"dateModified\":\"2024-02-27T00:09:46+00:00\",\"description\":\"Unlock unparalleled speed in logistics with Expedite Logistics. Our dedicated team is committed to accelerating your supply chain.\",\"breadcrumb\":{\"@id\":\"https:\/\/triascargoexpress.com\/services\/expedite-logistics#breadcrumb\"},\"inLanguage\":\"es\",\"potentialAction\":[{\"@type\":\"ReadAction\",\"target\":[\"https:\/\/triascargoexpress.com\/services\/expedite-logistics\"]}]},{\"@type\":\"BreadcrumbList\",\"@id\":\"https:\/\/triascargoexpress.com\/services\/expedite-logistics#breadcrumb\",\"itemListElement\":[{\"@type\":\"ListItem\",\"position\":1,\"name\":\"Portada\",\"item\":\"https:\/\/triascargoexpress.com\/\"},{\"@type\":\"ListItem\",\"position\":2,\"name\":\"Services\",\"item\":\"https:\/\/triascargoexpress.com\/services\"},{\"@type\":\"ListItem\",\"position\":3,\"name\":\"Expedite Logistics\"}]},{\"@type\":\"WebSite\",\"@id\":\"https:\/\/triascargoexpress.com\/#website\",\"url\":\"https:\/\/triascargoexpress.com\/\",\"name\":\"Triascargo Express Llc\",\"description\":\"TriasCargo Express is your go-to logistics company. We provide a broad range of transportation services across the United States.\",\"publisher\":{\"@id\":\"https:\/\/triascargoexpress.com\/#organization\"},\"alternateName\":\"TriasCargo Express\",\"potentialAction\":[{\"@type\":\"SearchAction\",\"target\":{\"@type\":\"EntryPoint\",\"urlTemplate\":\"https:\/\/triascargoexpress.com\/?s={search_term_string}\"},\"query-input\":\"required name=search_term_string\"}],\"inLanguage\":\"es\"},{\"@type\":\"Organization\",\"@id\":\"https:\/\/triascargoexpress.com\/#organization\",\"name\":\"Triascargo Express Llc\",\"url\":\"https:\/\/triascargoexpress.com\/\",\"logo\":{\"@type\":\"ImageObject\",\"inLanguage\":\"es\",\"@id\":\"https:\/\/triascargoexpress.com\/#\/schema\/logo\/image\/\",\"url\":\"https:\/\/i0.wp.com\/triascargoexpress.com\/wp-content\/uploads\/2024\/02\/cropped-cropped-WhatsApp-Image-2023-12-06-at-11.46.31-AM.jpeg?fit=240%2C240&ssl=1\",\"contentUrl\":\"https:\/\/i0.wp.com\/triascargoexpress.com\/wp-content\/uploads\/2024\/02\/cropped-cropped-WhatsApp-Image-2023-12-06-at-11.46.31-AM.jpeg?fit=240%2C240&ssl=1\",\"width\":240,\"height\":240,\"caption\":\"Triascargo Express Llc\"},\"image\":{\"@id\":\"https:\/\/triascargoexpress.com\/#\/schema\/logo\/image\/\"},\"sameAs\":[\"https:\/\/www.facebook.com\/profile.php?id=100094394919395&mibextid=ZbWKwL\",\"https:\/\/www.instagram.com\/triascargo\",\"https:\/\/www.tiktok.com\/@triascargoexpress\"]}]}<\/script>\n<!-- \/ Yoast SEO plugin. -->","yoast_head_json":{"title":"Expedite Logistics - Triascargo Express Llc","description":"Unlock unparalleled speed in logistics with Expedite Logistics. Our dedicated team is committed to accelerating your supply chain.","robots":{"index":"index","follow":"follow","max-snippet":"max-snippet:-1","max-image-preview":"max-image-preview:large","max-video-preview":"max-video-preview:-1"},"canonical":"https:\/\/triascargoexpress.com\/es\/services\/expedite-logistics\/","og_locale":"es_ES","og_type":"article","og_title":"Expedite Logistics - Triascargo Express Llc","og_description":"Unlock unparalleled speed in logistics with Expedite Logistics. Our dedicated team is committed to accelerating your supply chain.","og_url":"https:\/\/triascargoexpress.com\/es\/services\/expedite-logistics\/","og_site_name":"Triascargo Express Llc","article_publisher":"https:\/\/www.facebook.com\/profile.php?id=100094394919395&mibextid=ZbWKwL","article_modified_time":"2024-02-27T00:09:46+00:00","og_image":[{"url":"https:\/\/triascargoexpress.com\/wp-content\/uploads\/2024\/02\/istockphoto-1292256043-612x612-1-1.png"}],"twitter_card":"summary_large_image","twitter_misc":{"Tiempo de lectura":"4 minutos"},"schema":{"@context":"https:\/\/schema.org","@graph":[{"@type":"WebPage","@id":"https:\/\/triascargoexpress.com\/services\/expedite-logistics","url":"https:\/\/triascargoexpress.com\/services\/expedite-logistics","name":"Expedite Logistics - Triascargo Express Llc","isPartOf":{"@id":"https:\/\/triascargoexpress.com\/#website"},"datePublished":"2024-02-13T06:38:40+00:00","dateModified":"2024-02-27T00:09:46+00:00","description":"Unlock unparalleled speed in logistics with Expedite Logistics. Our dedicated team is committed to accelerating your supply chain.","breadcrumb":{"@id":"https:\/\/triascargoexpress.com\/services\/expedite-logistics#breadcrumb"},"inLanguage":"es","potentialAction":[{"@type":"ReadAction","target":["https:\/\/triascargoexpress.com\/services\/expedite-logistics"]}]},{"@type":"BreadcrumbList","@id":"https:\/\/triascargoexpress.com\/services\/expedite-logistics#breadcrumb","itemListElement":[{"@type":"ListItem","position":1,"name":"Portada","item":"https:\/\/triascargoexpress.com\/"},{"@type":"ListItem","position":2,"name":"Services","item":"https:\/\/triascargoexpress.com\/services"},{"@type":"ListItem","position":3,"name":"Expedite Logistics"}]},{"@type":"WebSite","@id":"https:\/\/triascargoexpress.com\/#website","url":"https:\/\/triascargoexpress.com\/","name":"Triascargo Express Llc","description":"TriasCargo Express is your go-to logistics company. We provide a broad range of transportation services across the United States.","publisher":{"@id":"https:\/\/triascargoexpress.com\/#organization"},"alternateName":"TriasCargo Express","potentialAction":[{"@type":"SearchAction","target":{"@type":"EntryPoint","urlTemplate":"https:\/\/triascargoexpress.com\/?s={search_term_string}"},"query-input":"required name=search_term_string"}],"inLanguage":"es"},{"@type":"Organization","@id":"https:\/\/triascargoexpress.com\/#organization","name":"Triascargo Express Llc","url":"https:\/\/triascargoexpress.com\/","logo":{"@type":"ImageObject","inLanguage":"es","@id":"https:\/\/triascargoexpress.com\/#\/schema\/logo\/image\/","url":"https:\/\/i0.wp.com\/triascargoexpress.com\/wp-content\/uploads\/2024\/02\/cropped-cropped-WhatsApp-Image-2023-12-06-at-11.46.31-AM.jpeg?fit=240%2C240&ssl=1","contentUrl":"https:\/\/i0.wp.com\/triascargoexpress.com\/wp-content\/uploads\/2024\/02\/cropped-cropped-WhatsApp-Image-2023-12-06-at-11.46.31-AM.jpeg?fit=240%2C240&ssl=1","width":240,"height":240,"caption":"Triascargo Express Llc"},"image":{"@id":"https:\/\/triascargoexpress.com\/#\/schema\/logo\/image\/"},"sameAs":["https:\/\/www.facebook.com\/profile.php?id=100094394919395&mibextid=ZbWKwL","https:\/\/www.instagram.com\/triascargo","https:\/\/www.tiktok.com\/@triascargoexpress"]}]}},"jetpack_sharing_enabled":true,"_links":{"self":[{"href":"https:\/\/triascargoexpress.com\/es\/wp-json\/wp\/v2\/pages\/81","targetHints":{"allow":["GET"]}}],"collection":[{"href":"https:\/\/triascargoexpress.com\/es\/wp-json\/wp\/v2\/pages"}],"about":[{"href":"https:\/\/triascargoexpress.com\/es\/wp-json\/wp\/v2\/types\/page"}],"author":[{"embeddable":true,"href":"https:\/\/triascargoexpress.com\/es\/wp-json\/wp\/v2\/users\/1"}],"replies":[{"embeddable":true,"href":"https:\/\/triascargoexpress.com\/es\/wp-json\/wp\/v2\/comments?post=81"}],"version-history":[{"count":38,"href":"https:\/\/triascargoexpress.com\/es\/wp-json\/wp\/v2\/pages\/81\/revisions"}],"predecessor-version":[{"id":444,"href":"https:\/\/triascargoexpress.com\/es\/wp-json\/wp\/v2\/pages\/81\/revisions\/444"}],"up":[{"embeddable":true,"href":"https:\/\/triascargoexpress.com\/es\/wp-json\/wp\/v2\/pages\/2"}],"wp:attachment":[{"href":"https:\/\/triascargoexpress.com\/es\/wp-json\/wp\/v2\/media?parent=81"}],"curies":[{"name":"wp","href":"https:\/\/api.w.org\/{rel}","templated":true}]}}