{"id":364,"date":"2024-02-26T22:44:14","date_gmt":"2024-02-26T22:44:14","guid":{"rendered":"https:\/\/triascargoexpress.com\/?page_id=364"},"modified":"2024-02-26T22:58:32","modified_gmt":"2024-02-26T22:58:32","slug":"requirements","status":"publish","type":"page","link":"https:\/\/triascargoexpress.com\/es\/hiring\/requirements","title":{"rendered":"Requisitos"},"content":{"rendered":"<div class=\"wp-block-stackable-columns stk-block-columns stk-block stk-3033b83\" data-block-id=\"3033b83\"><style>.stk-3033b83{margin-top:60px !important;margin-bottom:60px !important}.stk-3033b83-column{max-width:1320px !important}<\/style><div class=\"stk-row stk-inner-blocks stk-block-content stk-content-align stk-3033b83-column\">\n<div class=\"wp-block-stackable-column stk-block-column stk-column stk-block stk-532e3dd\" data-v=\"4\" data-block-id=\"532e3dd\"><div class=\"stk-column-wrapper stk-block-column__content stk-container stk-532e3dd-container stk--no-background stk--no-padding\"><div class=\"stk-block-content stk-inner-blocks stk-532e3dd-inner-blocks\">\n<div class=\"wp-block-stackable-heading stk-block-heading stk-block-heading--v2 stk-block stk-802fe10\" id=\"driver-amp-vehicle-requirements\" data-block-id=\"802fe10\"><h1 class=\"stk-block-heading__text\">REQUISITOS DEL CONDUCTOR Y DEL VEH\u00cdCULO<\/h1><\/div>\n\n\n\n<div class=\"wp-block-stackable-text stk-block-text stk-block stk-9a18ee2\" data-block-id=\"9a18ee2\"><style>.stk-9a18ee2 .stk-block-text__text{color:#000000 !important}<\/style><p class=\"stk-block-text__text has-text-color\">Inicio \/ Conductores \/ Requisitos para conductores y veh\u00edculos<\/p><\/div>\n\n\n\n<div class=\"wp-block-stackable-text stk-block-text stk-block stk-7c0b1a5\" data-block-id=\"7c0b1a5\"><style>.stk-7c0b1a5 .stk-block-text__text{font-size:16px !important;color:#000000 !important}@media screen and (max-width:1023px){.stk-7c0b1a5 .stk-block-text__text{font-size:16px !important}}<\/style><p class=\"stk-block-text__text has-text-color\">Para calificar con TriasCargo Express, debes cumplir con los siguientes criterios: <\/p><\/div>\n\n\n\n<div class=\"wp-block-stackable-icon-list stk-block-icon-list stk-block stk-fe23984\" data-block-id=\"fe23984\"><style>.stk-fe23984 ul li,.stk-fe23984 ol li{font-size:16px !important}.stk-fe23984{border-top-left-radius:0px !important;border-top-right-radius:0px !important;border-bottom-right-radius:0px !important;border-bottom-left-radius:0px !important;overflow:hidden !important;--stk-icon-list-marker-color:#0693e3 !important}.stk-fe23984 .stk-block-icon-list-item__content{align-items:flex-start !important}@media screen and (max-width:1023px){.stk-fe23984 ul li,.stk-fe23984 ol li{font-size:16px !important}}<\/style><svg style=\"display:none\"><defs><g id=\"stk-icon-list__icon-svg-def-fe23984\"><svg xmlns=\"http:\/\/www.w3.org\/2000\/svg\" viewbox=\"0 0 190 190\"><polygon points=\"173.8,28.4 60.4,141.8 15.7,97.2 5.1,107.8 60.4,163 184.4,39 173.8,28.4\"\/><\/svg><\/g><\/defs><\/svg><ul class=\"stk-block-icon-list__ul stk-block-icon-list--column\">\n<li class=\"wp-block-stackable-icon-list-item stk-block-icon-list-item stk-block stk-1490b9e\" data-block-id=\"1490b9e\"><style>.stk-1490b9e .stk-block-icon-list-item__text{color:#000000 !important}<\/style><div class=\"stk-block-icon-list-item__content\"><span class=\"stk--svg-wrapper\"><div class=\"stk--inner-svg\"><svg aria-hidden=\"true\" width=\"32\" height=\"32\"><use xlink:href=\"#stk-icon-list__icon-svg-def-fe23984\"><\/use><\/svg><\/div><\/span><span class=\"stk-block-icon-list-item__text has-text-color\">El seguro debe tener $1,000,000 en autom\u00f3vil comercial y $100,000 en cobertura de carga: transporte por carretera para operaciones de alquiler <\/span><\/div><\/li>\n\n\n\n<li class=\"wp-block-stackable-icon-list-item stk-block-icon-list-item stk-block stk-f149691\" data-block-id=\"f149691\"><style>.stk-f149691 .stk-block-icon-list-item__text{color:#000000 !important}<\/style><div class=\"stk-block-icon-list-item__content\"><span class=\"stk--svg-wrapper\"><div class=\"stk--inner-svg\"><svg aria-hidden=\"true\" width=\"32\" height=\"32\"><use xlink:href=\"#stk-icon-list__icon-svg-def-fe23984\"><\/use><\/svg><\/div><\/span><span class=\"stk-block-icon-list-item__text has-text-color\">Debe tener una licencia de conducir comercial v\u00e1lida o una licencia de conducir v\u00e1lida para veh\u00edculos &lt; 10,000 GVWR <\/span><\/div><\/li>\n\n\n\n<li class=\"wp-block-stackable-icon-list-item stk-block-icon-list-item stk-block stk-87d9a96\" data-block-id=\"87d9a96\"><style>.stk-87d9a96 .stk-block-icon-list-item__text{color:#000000 !important}<\/style><div class=\"stk-block-icon-list-item__content\"><span class=\"stk--svg-wrapper\"><div class=\"stk--inner-svg\"><svg aria-hidden=\"true\" width=\"32\" height=\"32\"><use xlink:href=\"#stk-icon-list__icon-svg-def-fe23984\"><\/use><\/svg><\/div><\/span><span class=\"stk-block-icon-list-item__text has-text-color\">Sin revocaci\u00f3n o suspensi\u00f3n de licencia actual M\u00ednimo de 3 meses de experiencia en aceleraci\u00f3n <\/span><\/div><\/li>\n\n\n\n<li class=\"wp-block-stackable-icon-list-item stk-block-icon-list-item stk-block stk-9f3eec4\" data-block-id=\"9f3eec4\"><style>.stk-9f3eec4 .stk-block-icon-list-item__text{color:#000000 !important}<\/style><div class=\"stk-block-icon-list-item__content\"><span class=\"stk--svg-wrapper\"><div class=\"stk--inner-svg\"><svg aria-hidden=\"true\" width=\"32\" height=\"32\"><use xlink:href=\"#stk-icon-list__icon-svg-def-fe23984\"><\/use><\/svg><\/div><\/span><span class=\"stk-block-icon-list-item__text has-text-color\">Sin antecedentes de DUI. Todos los veh\u00edculos deben ser del a\u00f1o 2008 o m\u00e1s nuevos.<\/span><\/div><\/li>\n\n\n\n<li class=\"wp-block-stackable-icon-list-item stk-block-icon-list-item stk-block stk-7d657c9\" data-block-id=\"7d657c9\"><style>.stk-7d657c9 .stk-block-icon-list-item__text{color:#000000 !important}<\/style><div class=\"stk-block-icon-list-item__content\"><span class=\"stk--svg-wrapper\"><div class=\"stk--inner-svg\"><svg aria-hidden=\"true\" width=\"32\" height=\"32\"><use xlink:href=\"#stk-icon-list__icon-svg-def-fe23984\"><\/use><\/svg><\/div><\/span><span class=\"stk-block-icon-list-item__text has-text-color\">Sin calcoman\u00edas en el cami\u00f3n. <\/span><\/div><\/li>\n\n\n\n<li class=\"wp-block-stackable-icon-list-item stk-block-icon-list-item stk-block stk-d244265\" data-block-id=\"d244265\"><style>.stk-d244265 .stk-block-icon-list-item__text{color:#000000 !important}<\/style><div class=\"stk-block-icon-list-item__content\"><span class=\"stk--svg-wrapper\"><div class=\"stk--inner-svg\"><svg aria-hidden=\"true\" width=\"32\" height=\"32\"><use xlink:href=\"#stk-icon-list__icon-svg-def-fe23984\"><\/use><\/svg><\/div><\/span><span class=\"stk-block-icon-list-item__text has-text-color\">Debe tener m\u00e1s de 21 a\u00f1os<\/span><\/div><\/li>\n<\/ul><\/div>\n\n\n\n<div class=\"wp-block-stackable-text stk-block-text stk-block stk-c9db6c2\" data-block-id=\"c9db6c2\"><style>.stk-c9db6c2 .stk-block-text__text{font-size:16px !important;color:#000000 !important}@media screen and (max-width:1023px){.stk-c9db6c2 .stk-block-text__text{font-size:16px !important}}<\/style><p class=\"stk-block-text__text has-text-color\"><strong>Documentos Adicionales Requeridos <\/strong><br>Debe proporcionar copias de los siguientes documentos adem\u00e1s de su solicitud. <\/p><\/div>\n\n\n\n<div class=\"wp-block-stackable-text stk-block-text stk-block stk-963affc\" data-block-id=\"963affc\"><style>.stk-963affc .stk-block-text__text{font-size:16px !important;color:#000000 !important}@media screen and (max-width:1023px){.stk-963affc .stk-block-text__text{font-size:16px !important}}<\/style><p class=\"stk-block-text__text has-text-color\">Opcionalmente, puede incluir estos documentos con su solicitud o por correo electr\u00f3nico a HR@TRIASCARGOEXPRESS.COM. <\/p><\/div>\n\n\n\n<div class=\"wp-block-stackable-icon-list stk-block-icon-list stk-block stk-bfc178c\" data-block-id=\"bfc178c\"><style>.stk-bfc178c ul li,.stk-bfc178c ol li{font-size:16px !important}.stk-bfc178c{--stk-icon-list-marker-color:#0693e3 !important}@media screen and (max-width:1023px){.stk-bfc178c ul li,.stk-bfc178c ol li{font-size:16px !important}}<\/style><svg style=\"display:none\"><defs><g id=\"stk-icon-list__icon-svg-def-bfc178c\"><svg xmlns=\"http:\/\/www.w3.org\/2000\/svg\" viewbox=\"0 0 190 190\"><polygon points=\"173.8,28.4 60.4,141.8 15.7,97.2 5.1,107.8 60.4,163 184.4,39 173.8,28.4\"\/><\/svg><\/g><\/defs><\/svg><ul class=\"stk-block-icon-list__ul stk-block-icon-list--column\">\n<li class=\"wp-block-stackable-icon-list-item stk-block-icon-list-item stk-block stk-faafd32\" data-block-id=\"faafd32\"><style>.stk-faafd32 .stk-block-icon-list-item__text{color:#000000 !important}<\/style><div class=\"stk-block-icon-list-item__content\"><span class=\"stk--svg-wrapper\"><div class=\"stk--inner-svg\"><svg aria-hidden=\"true\" width=\"32\" height=\"32\"><use xlink:href=\"#stk-icon-list__icon-svg-def-bfc178c\"><\/use><\/svg><\/div><\/span><span class=\"stk-block-icon-list-item__text has-text-color\">Licencia de Conducir Social <\/span><\/div><\/li>\n\n\n\n<li class=\"wp-block-stackable-icon-list-item stk-block-icon-list-item stk-block stk-c0b4bb1\" data-block-id=\"c0b4bb1\"><style>.stk-c0b4bb1 .stk-block-icon-list-item__text{color:#000000 !important}<\/style><div class=\"stk-block-icon-list-item__content\"><span class=\"stk--svg-wrapper\"><div class=\"stk--inner-svg\"><svg aria-hidden=\"true\" width=\"32\" height=\"32\"><use xlink:href=\"#stk-icon-list__icon-svg-def-bfc178c\"><\/use><\/svg><\/div><\/span><span class=\"stk-block-icon-list-item__text has-text-color\">Tarjeta de Seguridad <\/span><\/div><\/li>\n\n\n\n<li class=\"wp-block-stackable-icon-list-item stk-block-icon-list-item stk-block stk-fb3c5be\" data-block-id=\"fb3c5be\"><style>.stk-fb3c5be .stk-block-icon-list-item__text{color:#000000 !important}<\/style><div class=\"stk-block-icon-list-item__content\"><span class=\"stk--svg-wrapper\"><div class=\"stk--inner-svg\"><svg aria-hidden=\"true\" width=\"32\" height=\"32\"><use xlink:href=\"#stk-icon-list__icon-svg-def-bfc178c\"><\/use><\/svg><\/div><\/span><span class=\"stk-block-icon-list-item__text has-text-color\">Registraci\u00f3n de veh\u00edculo <\/span><\/div><\/li>\n\n\n\n<li class=\"wp-block-stackable-icon-list-item stk-block-icon-list-item stk-block stk-0aaeb56\" data-block-id=\"0aaeb56\"><style>.stk-0aaeb56 .stk-block-icon-list-item__text{color:#000000 !important}<\/style><div class=\"stk-block-icon-list-item__content\"><span class=\"stk--svg-wrapper\"><div class=\"stk--inner-svg\"><svg aria-hidden=\"true\" width=\"32\" height=\"32\"><use xlink:href=\"#stk-icon-list__icon-svg-def-bfc178c\"><\/use><\/svg><\/div><\/span><span class=\"stk-block-icon-list-item__text has-text-color\">Certificado de Seguro <\/span><\/div><\/li>\n\n\n\n<li class=\"wp-block-stackable-icon-list-item stk-block-icon-list-item stk-block stk-902b712\" data-block-id=\"902b712\"><style>.stk-902b712 .stk-block-icon-list-item__text{color:#000000 !important}<\/style><div class=\"stk-block-icon-list-item__content\"><span class=\"stk--svg-wrapper\"><div class=\"stk--inner-svg\"><svg aria-hidden=\"true\" width=\"32\" height=\"32\"><use xlink:href=\"#stk-icon-list__icon-svg-def-bfc178c\"><\/use><\/svg><\/div><\/span><span class=\"stk-block-icon-list-item__text has-text-color\">Cheque anulado <\/span><\/div><\/li>\n\n\n\n<li class=\"wp-block-stackable-icon-list-item stk-block-icon-list-item stk-block stk-0afc4fe\" data-block-id=\"0afc4fe\"><style>.stk-0afc4fe .stk-block-icon-list-item__text{color:#000000 !important}<\/style><div class=\"stk-block-icon-list-item__content\"><span class=\"stk--svg-wrapper\"><div class=\"stk--inner-svg\"><svg aria-hidden=\"true\" width=\"32\" height=\"32\"><use xlink:href=\"#stk-icon-list__icon-svg-def-bfc178c\"><\/use><\/svg><\/div><\/span><span class=\"stk-block-icon-list-item__text has-text-color\">Para empresas: formulario SS-4 Verificaci\u00f3n EIN <\/span><\/div><\/li>\n\n\n\n<li class=\"wp-block-stackable-icon-list-item stk-block-icon-list-item stk-block stk-ce05eb0\" data-block-id=\"ce05eb0\"><style>.stk-ce05eb0 .stk-block-icon-list-item__text{color:#000000 !important}<\/style><div class=\"stk-block-icon-list-item__content\"><span class=\"stk--svg-wrapper\"><div class=\"stk--inner-svg\"><svg aria-hidden=\"true\" width=\"32\" height=\"32\"><use xlink:href=\"#stk-icon-list__icon-svg-def-bfc178c\"><\/use><\/svg><\/div><\/span><span class=\"stk-block-icon-list-item__text has-text-color\">Para conductores adicionales: licencia de conducir y tarjeta de seguridad social<\/span><\/div><\/li>\n<\/ul><\/div>\n<\/div><\/div><\/div>\n<\/div><\/div>\n\n\n\n<p><\/p>","protected":false},"excerpt":{"rendered":"<p>DRIVER &amp; VEHICLE REQUIREMENTS Home \/ Drivers \/ Driver &amp; Vehicle Requirements To qualify with TriasCargo Express, you must meet the following criteria: Additional Documents Required You must provide copies of the following documents in addition to your application. You can optionally include these documents with your application, or by email at HR@TRIASCARGOEXPRESS.COM.<\/p>","protected":false},"author":1,"featured_media":0,"parent":178,"menu_order":0,"comment_status":"closed","ping_status":"closed","template":"","meta":{"_joinchat":[],"footnotes":""},"class_list":["post-364","page","type-page","status-publish","hentry"],"featured_image_urls":{"full":"","thumbnail":"","medium":"","medium_large":"","large":"","1536x1536":"","2048x2048":"","trp-custom-language-flag":"","homepage-thumb":""},"post_excerpt_stackable":"<p>DRIVER &amp; VEHICLE REQUIREMENTS Home \/ Drivers \/ Driver &amp; Vehicle Requirements To qualify with TriasCargo Express, you must meet the following criteria: Insurance must have $1,000,000 in Commercial Auto and $100,000 in Cargo Coverage: Trucking for Hire Operations Must have a valid Commercial Driver\u2019s License or valid driver\u2019s license for vehicles &lt; 10,000 GVWR No current license revocation or suspension Minimum of 3 months experience in expediting No history of DUI All vehicles must be year 2008 or newer No decals on the truck Must be 21+ years old Additional Documents Required You must provide copies of the following&hellip;<\/p>\n","category_list":"","author_info":{"name":"Triasc_Admin","url":"https:\/\/triascargoexpress.com\/es\/author\/triasc_admin"},"comments_num":"0 comentarios","yoast_head":"<!-- This site is optimized with the Yoast SEO plugin v22.1 - https:\/\/yoast.com\/wordpress\/plugins\/seo\/ -->\n<title>Requirements - Triascargo Express Llc<\/title>\n<meta name=\"robots\" content=\"index, follow, max-snippet:-1, max-image-preview:large, max-video-preview:-1\" \/>\n<link rel=\"canonical\" href=\"https:\/\/triascargoexpress.com\/es\/hiring\/requirements\/\" \/>\n<meta property=\"og:locale\" content=\"es_ES\" \/>\n<meta property=\"og:type\" content=\"article\" \/>\n<meta property=\"og:title\" content=\"Requirements - Triascargo Express Llc\" \/>\n<meta property=\"og:description\" content=\"DRIVER &amp; VEHICLE REQUIREMENTS Home \/ Drivers \/ Driver &amp; Vehicle Requirements To qualify with TriasCargo Express, you must meet the following criteria: Additional Documents Required You must provide copies of the following documents in addition to your application. You can optionally include these documents with your application, or by email at HR@TRIASCARGOEXPRESS.COM.\" \/>\n<meta property=\"og:url\" content=\"https:\/\/triascargoexpress.com\/es\/hiring\/requirements\/\" \/>\n<meta property=\"og:site_name\" content=\"Triascargo Express Llc\" \/>\n<meta property=\"article:publisher\" content=\"https:\/\/www.facebook.com\/profile.php?id=100094394919395&amp;mibextid=ZbWKwL\" \/>\n<meta property=\"article:modified_time\" content=\"2024-02-26T22:58:32+00:00\" \/>\n<meta property=\"og:image\" content=\"https:\/\/i0.wp.com\/triascargoexpress.com\/wp-content\/uploads\/2024\/02\/cropped-Triascargo-Express-LLC_1-e1707788758342.png?fit=426%2C378&ssl=1\" \/>\n\t<meta property=\"og:image:width\" content=\"426\" \/>\n\t<meta property=\"og:image:height\" content=\"378\" \/>\n\t<meta property=\"og:image:type\" content=\"image\/png\" \/>\n<meta name=\"twitter:card\" content=\"summary_large_image\" \/>\n<meta name=\"twitter:label1\" content=\"Tiempo de lectura\" \/>\n\t<meta name=\"twitter:data1\" content=\"1 minuto\" \/>\n<script type=\"application\/ld+json\" class=\"yoast-schema-graph\">{\"@context\":\"https:\/\/schema.org\",\"@graph\":[{\"@type\":\"WebPage\",\"@id\":\"https:\/\/triascargoexpress.com\/hiring\/requirements\",\"url\":\"https:\/\/triascargoexpress.com\/hiring\/requirements\",\"name\":\"Requirements - Triascargo Express Llc\",\"isPartOf\":{\"@id\":\"https:\/\/triascargoexpress.com\/#website\"},\"datePublished\":\"2024-02-26T22:44:14+00:00\",\"dateModified\":\"2024-02-26T22:58:32+00:00\",\"breadcrumb\":{\"@id\":\"https:\/\/triascargoexpress.com\/hiring\/requirements#breadcrumb\"},\"inLanguage\":\"es\",\"potentialAction\":[{\"@type\":\"ReadAction\",\"target\":[\"https:\/\/triascargoexpress.com\/hiring\/requirements\"]}]},{\"@type\":\"BreadcrumbList\",\"@id\":\"https:\/\/triascargoexpress.com\/hiring\/requirements#breadcrumb\",\"itemListElement\":[{\"@type\":\"ListItem\",\"position\":1,\"name\":\"Portada\",\"item\":\"https:\/\/triascargoexpress.com\/\"},{\"@type\":\"ListItem\",\"position\":2,\"name\":\"Hiring Drivers\",\"item\":\"https:\/\/triascargoexpress.com\/hiring\"},{\"@type\":\"ListItem\",\"position\":3,\"name\":\"Requirements\"}]},{\"@type\":\"WebSite\",\"@id\":\"https:\/\/triascargoexpress.com\/#website\",\"url\":\"https:\/\/triascargoexpress.com\/\",\"name\":\"Triascargo Express Llc\",\"description\":\"TriasCargo Express is your go-to logistics company. We provide a broad range of transportation services across the United States.\",\"publisher\":{\"@id\":\"https:\/\/triascargoexpress.com\/#organization\"},\"alternateName\":\"TriasCargo Express\",\"potentialAction\":[{\"@type\":\"SearchAction\",\"target\":{\"@type\":\"EntryPoint\",\"urlTemplate\":\"https:\/\/triascargoexpress.com\/?s={search_term_string}\"},\"query-input\":\"required name=search_term_string\"}],\"inLanguage\":\"es\"},{\"@type\":\"Organization\",\"@id\":\"https:\/\/triascargoexpress.com\/#organization\",\"name\":\"Triascargo Express Llc\",\"url\":\"https:\/\/triascargoexpress.com\/\",\"logo\":{\"@type\":\"ImageObject\",\"inLanguage\":\"es\",\"@id\":\"https:\/\/triascargoexpress.com\/#\/schema\/logo\/image\/\",\"url\":\"https:\/\/i0.wp.com\/triascargoexpress.com\/wp-content\/uploads\/2024\/02\/cropped-cropped-WhatsApp-Image-2023-12-06-at-11.46.31-AM.jpeg?fit=240%2C240&ssl=1\",\"contentUrl\":\"https:\/\/i0.wp.com\/triascargoexpress.com\/wp-content\/uploads\/2024\/02\/cropped-cropped-WhatsApp-Image-2023-12-06-at-11.46.31-AM.jpeg?fit=240%2C240&ssl=1\",\"width\":240,\"height\":240,\"caption\":\"Triascargo Express Llc\"},\"image\":{\"@id\":\"https:\/\/triascargoexpress.com\/#\/schema\/logo\/image\/\"},\"sameAs\":[\"https:\/\/www.facebook.com\/profile.php?id=100094394919395&mibextid=ZbWKwL\",\"https:\/\/www.instagram.com\/triascargo\",\"https:\/\/www.tiktok.com\/@triascargoexpress\"]}]}<\/script>\n<!-- \/ Yoast SEO plugin. -->","yoast_head_json":{"title":"Requirements - Triascargo Express Llc","robots":{"index":"index","follow":"follow","max-snippet":"max-snippet:-1","max-image-preview":"max-image-preview:large","max-video-preview":"max-video-preview:-1"},"canonical":"https:\/\/triascargoexpress.com\/es\/hiring\/requirements\/","og_locale":"es_ES","og_type":"article","og_title":"Requirements - Triascargo Express Llc","og_description":"DRIVER &amp; VEHICLE REQUIREMENTS Home \/ Drivers \/ Driver &amp; Vehicle Requirements To qualify with TriasCargo Express, you must meet the following criteria: Additional Documents Required You must provide copies of the following documents in addition to your application. You can optionally include these documents with your application, or by email at HR@TRIASCARGOEXPRESS.COM.","og_url":"https:\/\/triascargoexpress.com\/es\/hiring\/requirements\/","og_site_name":"Triascargo Express Llc","article_publisher":"https:\/\/www.facebook.com\/profile.php?id=100094394919395&mibextid=ZbWKwL","article_modified_time":"2024-02-26T22:58:32+00:00","og_image":[{"width":426,"height":378,"url":"https:\/\/i0.wp.com\/triascargoexpress.com\/wp-content\/uploads\/2024\/02\/cropped-Triascargo-Express-LLC_1-e1707788758342.png?fit=426%2C378&ssl=1","type":"image\/png"}],"twitter_card":"summary_large_image","twitter_misc":{"Tiempo de lectura":"1 minuto"},"schema":{"@context":"https:\/\/schema.org","@graph":[{"@type":"WebPage","@id":"https:\/\/triascargoexpress.com\/hiring\/requirements","url":"https:\/\/triascargoexpress.com\/hiring\/requirements","name":"Requirements - Triascargo Express Llc","isPartOf":{"@id":"https:\/\/triascargoexpress.com\/#website"},"datePublished":"2024-02-26T22:44:14+00:00","dateModified":"2024-02-26T22:58:32+00:00","breadcrumb":{"@id":"https:\/\/triascargoexpress.com\/hiring\/requirements#breadcrumb"},"inLanguage":"es","potentialAction":[{"@type":"ReadAction","target":["https:\/\/triascargoexpress.com\/hiring\/requirements"]}]},{"@type":"BreadcrumbList","@id":"https:\/\/triascargoexpress.com\/hiring\/requirements#breadcrumb","itemListElement":[{"@type":"ListItem","position":1,"name":"Portada","item":"https:\/\/triascargoexpress.com\/"},{"@type":"ListItem","position":2,"name":"Hiring Drivers","item":"https:\/\/triascargoexpress.com\/hiring"},{"@type":"ListItem","position":3,"name":"Requirements"}]},{"@type":"WebSite","@id":"https:\/\/triascargoexpress.com\/#website","url":"https:\/\/triascargoexpress.com\/","name":"Triascargo Express Llc","description":"TriasCargo Express is your go-to logistics company. We provide a broad range of transportation services across the United States.","publisher":{"@id":"https:\/\/triascargoexpress.com\/#organization"},"alternateName":"TriasCargo Express","potentialAction":[{"@type":"SearchAction","target":{"@type":"EntryPoint","urlTemplate":"https:\/\/triascargoexpress.com\/?s={search_term_string}"},"query-input":"required name=search_term_string"}],"inLanguage":"es"},{"@type":"Organization","@id":"https:\/\/triascargoexpress.com\/#organization","name":"Triascargo Express Llc","url":"https:\/\/triascargoexpress.com\/","logo":{"@type":"ImageObject","inLanguage":"es","@id":"https:\/\/triascargoexpress.com\/#\/schema\/logo\/image\/","url":"https:\/\/i0.wp.com\/triascargoexpress.com\/wp-content\/uploads\/2024\/02\/cropped-cropped-WhatsApp-Image-2023-12-06-at-11.46.31-AM.jpeg?fit=240%2C240&ssl=1","contentUrl":"https:\/\/i0.wp.com\/triascargoexpress.com\/wp-content\/uploads\/2024\/02\/cropped-cropped-WhatsApp-Image-2023-12-06-at-11.46.31-AM.jpeg?fit=240%2C240&ssl=1","width":240,"height":240,"caption":"Triascargo Express Llc"},"image":{"@id":"https:\/\/triascargoexpress.com\/#\/schema\/logo\/image\/"},"sameAs":["https:\/\/www.facebook.com\/profile.php?id=100094394919395&mibextid=ZbWKwL","https:\/\/www.instagram.com\/triascargo","https:\/\/www.tiktok.com\/@triascargoexpress"]}]}},"jetpack_sharing_enabled":true,"_links":{"self":[{"href":"https:\/\/triascargoexpress.com\/es\/wp-json\/wp\/v2\/pages\/364","targetHints":{"allow":["GET"]}}],"collection":[{"href":"https:\/\/triascargoexpress.com\/es\/wp-json\/wp\/v2\/pages"}],"about":[{"href":"https:\/\/triascargoexpress.com\/es\/wp-json\/wp\/v2\/types\/page"}],"author":[{"embeddable":true,"href":"https:\/\/triascargoexpress.com\/es\/wp-json\/wp\/v2\/users\/1"}],"replies":[{"embeddable":true,"href":"https:\/\/triascargoexpress.com\/es\/wp-json\/wp\/v2\/comments?post=364"}],"version-history":[{"count":9,"href":"https:\/\/triascargoexpress.com\/es\/wp-json\/wp\/v2\/pages\/364\/revisions"}],"predecessor-version":[{"id":375,"href":"https:\/\/triascargoexpress.com\/es\/wp-json\/wp\/v2\/pages\/364\/revisions\/375"}],"up":[{"embeddable":true,"href":"https:\/\/triascargoexpress.com\/es\/wp-json\/wp\/v2\/pages\/178"}],"wp:attachment":[{"href":"https:\/\/triascargoexpress.com\/es\/wp-json\/wp\/v2\/media?parent=364"}],"curies":[{"name":"wp","href":"https:\/\/api.w.org\/{rel}","templated":true}]}}